{"id":591,"date":"2025-07-19T11:40:31","date_gmt":"2025-07-19T11:40:31","guid":{"rendered":"https:\/\/k-s-d.com\/?post_type=product&#038;p=591"},"modified":"2025-08-13T09:00:44","modified_gmt":"2025-08-13T09:00:44","slug":"filterstationen","status":"publish","type":"product","link":"https:\/\/k-s-d.com\/en\/product\/filterstationen\/","title":{"rendered":"Filterstations"},"content":{"rendered":"<div data-elementor-type=\"wp-post\" data-elementor-id=\"591\" class=\"elementor elementor-591\" data-elementor-post-type=\"product\">\n\t\t\t\t<div class=\"elementor-element elementor-element-e3ee497 e-flex e-con-boxed e-con e-parent\" data-id=\"e3ee497\" data-element_type=\"container\" data-settings=\"{&quot;background_background&quot;:&quot;video&quot;,&quot;background_video_link&quot;:&quot;\\\/wp-content\\\/uploads\\\/2025\\\/08\\\/7565456-hd_2048_1080_25fps.mp4&quot;,&quot;background_play_on_mobile&quot;:&quot;yes&quot;}\">\n\t\t\t\t\t<div class=\"e-con-inner\">\n\t\t<div class=\"elementor-background-video-container\" aria-hidden=\"true\">\n\t\t\t\t\t\t\t<video class=\"elementor-background-video-hosted\" autoplay muted playsinline loop><\/video>\n\t\t\t\t\t<\/div>\t\t<div class=\"elementor-element elementor-element-b1f95a1 animated-slow elementor-widget__width-initial elementor-invisible elementor-widget elementor-widget-heading\" data-id=\"b1f95a1\" data-element_type=\"widget\" data-settings=\"{&quot;_animation&quot;:&quot;fadeInUp&quot;}\" data-widget_type=\"heading.default\">\n\t\t\t\t\t<h2 class=\"elementor-heading-title elementor-size-default\">Filterstations<\/h2>\t\t\t\t<\/div>\n\t\t\t\t\t<\/div>\n\t\t\t\t<\/div>\n\t\t<div class=\"elementor-element elementor-element-3ffc6d2 e-flex e-con-boxed e-con e-parent\" data-id=\"3ffc6d2\" data-element_type=\"container\">\n\t\t\t\t\t<div class=\"e-con-inner\">\n\t\t<div class=\"elementor-element elementor-element-155264c e-con-full e-flex e-con e-child\" data-id=\"155264c\" data-element_type=\"container\">\n\t\t<div class=\"elementor-element elementor-element-0d0afc4 e-con-full e-flex e-con e-child\" data-id=\"0d0afc4\" data-element_type=\"container\">\n\t\t\t\t<div class=\"elementor-element elementor-element-5153e49 animated-slow elementor-invisible elementor-widget elementor-widget-heading\" data-id=\"5153e49\" data-element_type=\"widget\" data-settings=\"{&quot;_animation&quot;:&quot;fadeInUp&quot;}\" data-widget_type=\"heading.default\">\n\t\t\t\t\t<h2 class=\"elementor-heading-title elementor-size-default\">Filterstations<\/h2>\t\t\t\t<\/div>\n\t\t\t\t<div class=\"elementor-element elementor-element-b033e3d elementor-widget elementor-widget-text-editor\" data-id=\"b033e3d\" data-element_type=\"widget\" data-widget_type=\"text-editor.default\">\n\t\t\t\t\t\t\t\t\tFor connection between etching machine and regeneration system\t\t\t\t\t\t\t\t<\/div>\n\t\t\t\t<div class=\"elementor-element elementor-element-6a1ddb1 elementor-widget elementor-widget-text-editor\" data-id=\"6a1ddb1\" data-element_type=\"widget\" data-widget_type=\"text-editor.default\">\n\t\t\t\t\t\t\t\t\t<ul>\n<li>For connection between etching machines and regeneration systems or in the process circuit to improve product quality.<\/li>\n<li>Reliable removal of foreign matter, metal oxide hydrates and suspended particles from etching solutions before they are sent for recycling<\/li>\n<\/ul>\n\t\t\t\t\t\t\t\t<\/div>\n\t\t\t\t<\/div>\n\t\t<div class=\"elementor-element elementor-element-0449e7b e-con-full e-flex e-con e-child\" data-id=\"0449e7b\" data-element_type=\"container\">\n\t\t\t\t<div class=\"elementor-element elementor-element-aed8098 elementor-hidden-desktop elementor-hidden-tablet elementor-hidden-mobile elementor-widget elementor-widget-image\" data-id=\"aed8098\" data-element_type=\"widget\" data-widget_type=\"image.default\">\n\t\t\t\t\t\t\t\t\t\t\t\t\t\t\t<img fetchpriority=\"high\" decoding=\"async\" width=\"300\" height=\"404\" src=\"https:\/\/k-s-d.com\/wp-content\/uploads\/2025\/07\/Screenshot_5.png\" class=\"elementor-animation-grow attachment-full size-full wp-image-592\" alt=\"\" srcset=\"https:\/\/k-s-d.com\/wp-content\/uploads\/2025\/07\/Screenshot_5.png 300w, https:\/\/k-s-d.com\/wp-content\/uploads\/2025\/07\/Screenshot_5-223x300.png 223w\" sizes=\"(max-width: 300px) 100vw, 300px\" \/>\t\t\t\t\t\t\t\t\t\t\t\t\t\t\t<\/div>\n\t\t\t\t<div class=\"elementor-element elementor-element-f38a13e elementor-widget elementor-widget-image\" data-id=\"f38a13e\" data-element_type=\"widget\" data-widget_type=\"image.default\">\n\t\t\t\t\t\t\t\t\t\t\t\t\t\t\t<img decoding=\"async\" width=\"1127\" height=\"748\" src=\"https:\/\/k-s-d.com\/wp-content\/uploads\/2025\/07\/Picture008.jpg\" class=\"elementor-animation-grow attachment-full size-full wp-image-1450\" alt=\"\" srcset=\"https:\/\/k-s-d.com\/wp-content\/uploads\/2025\/07\/Picture008.jpg 1127w, https:\/\/k-s-d.com\/wp-content\/uploads\/2025\/07\/Picture008-300x199.jpg 300w, https:\/\/k-s-d.com\/wp-content\/uploads\/2025\/07\/Picture008-1024x680.jpg 1024w, https:\/\/k-s-d.com\/wp-content\/uploads\/2025\/07\/Picture008-768x510.jpg 768w\" sizes=\"(max-width: 1127px) 100vw, 1127px\" \/>\t\t\t\t\t\t\t\t\t\t\t\t\t\t\t<\/div>\n\t\t\t\t<\/div>\n\t\t\t\t<\/div>\n\t\t\t\t\t<\/div>\n\t\t\t\t<\/div>\n\t\t<div class=\"elementor-element elementor-element-91ad501 e-flex e-con-boxed e-con e-parent\" data-id=\"91ad501\" data-element_type=\"container\" data-settings=\"{&quot;background_background&quot;:&quot;classic&quot;}\">\n\t\t\t\t\t<div class=\"e-con-inner\">\n\t\t\t\t<div class=\"elementor-element elementor-element-dbd8c20 animated-slow elementor-hidden-desktop elementor-hidden-tablet elementor-hidden-mobile elementor-invisible elementor-widget elementor-widget-heading\" data-id=\"dbd8c20\" data-element_type=\"widget\" data-settings=\"{&quot;_animation&quot;:&quot;fadeInUp&quot;}\" data-widget_type=\"heading.default\">\n\t\t\t\t\t<h2 class=\"elementor-heading-title elementor-size-default\">Funktionsweise<\/h2>\t\t\t\t<\/div>\n\t\t<div class=\"elementor-element elementor-element-3ad9b0e e-con-full e-flex e-con e-child\" data-id=\"3ad9b0e\" data-element_type=\"container\">\n\t\t<div class=\"elementor-element elementor-element-7a87853 e-con-full e-flex e-con e-child\" data-id=\"7a87853\" data-element_type=\"container\">\n\t\t\t\t<div class=\"elementor-element elementor-element-9237612 e-transform elementor-widget elementor-widget-image\" data-id=\"9237612\" data-element_type=\"widget\" data-settings=\"{&quot;_transform_flipX_effect&quot;:&quot;transform&quot;}\" data-widget_type=\"image.default\">\n\t\t\t\t\t\t\t\t\t\t\t\t\t\t\t<img decoding=\"async\" width=\"512\" height=\"512\" src=\"https:\/\/k-s-d.com\/wp-content\/uploads\/2025\/07\/7856800.png\" class=\"elementor-animation-grow attachment-full size-full wp-image-1402\" alt=\"\" srcset=\"https:\/\/k-s-d.com\/wp-content\/uploads\/2025\/07\/7856800.png 512w, https:\/\/k-s-d.com\/wp-content\/uploads\/2025\/07\/7856800-300x300.png 300w, https:\/\/k-s-d.com\/wp-content\/uploads\/2025\/07\/7856800-150x150.png 150w\" sizes=\"(max-width: 512px) 100vw, 512px\" \/>\t\t\t\t\t\t\t\t\t\t\t\t\t\t\t<\/div>\n\t\t\t\t<\/div>\n\t\t<div class=\"elementor-element elementor-element-a351264 e-con-full e-flex e-con e-child\" data-id=\"a351264\" data-element_type=\"container\">\n\t\t\t\t<div class=\"elementor-element elementor-element-d4094ac animated-slow elementor-hidden-desktop elementor-hidden-tablet elementor-hidden-mobile elementor-invisible elementor-widget elementor-widget-heading\" data-id=\"d4094ac\" data-element_type=\"widget\" data-settings=\"{&quot;_animation&quot;:&quot;fadeInUp&quot;}\" data-widget_type=\"heading.default\">\n\t\t\t\t\t<h2 class=\"elementor-heading-title elementor-size-default\">01<\/h2>\t\t\t\t<\/div>\n\t\t\t\t<div class=\"elementor-element elementor-element-4122ee6 animated-slow elementor-invisible elementor-widget elementor-widget-heading\" data-id=\"4122ee6\" data-element_type=\"widget\" data-settings=\"{&quot;_animation&quot;:&quot;fadeInUp&quot;}\" data-widget_type=\"heading.default\">\n\t\t\t\t\t<h2 class=\"elementor-heading-title elementor-size-default\">Chromic Acid-Resistant Magnetic Bar Filters<\/h2>\t\t\t\t<\/div>\n\t\t\t\t<div class=\"elementor-element elementor-element-8e3dc63 elementor-widget elementor-widget-text-editor\" data-id=\"8e3dc63\" data-element_type=\"widget\" data-widget_type=\"text-editor.default\">\n\t\t\t\t\t\t\t\t\t<p>Corrosion-resistant magnetic bar filters ensure long-term stability in particularly demanding process fluids.<\/p>\t\t\t\t\t\t\t\t<\/div>\n\t\t\t\t<\/div>\n\t\t\t\t<\/div>\n\t\t\t\t\t<\/div>\n\t\t\t\t<\/div>\n\t\t<div class=\"elementor-element elementor-element-80eb29c e-flex e-con-boxed e-con e-parent\" data-id=\"80eb29c\" data-element_type=\"container\" data-settings=\"{&quot;background_background&quot;:&quot;classic&quot;}\">\n\t\t\t\t\t<div class=\"e-con-inner\">\n\t\t<div class=\"elementor-element elementor-element-78f449d e-con-full e-flex e-con e-child\" data-id=\"78f449d\" data-element_type=\"container\">\n\t\t<div class=\"elementor-element elementor-element-4e3e1c1 e-con-full e-flex e-con e-child\" data-id=\"4e3e1c1\" data-element_type=\"container\">\n\t\t<div class=\"elementor-element elementor-element-86b9176 e-con-full e-flex e-con e-child\" data-id=\"86b9176\" data-element_type=\"container\" data-settings=\"{&quot;sticky&quot;:&quot;top&quot;,&quot;sticky_offset&quot;:50,&quot;sticky_parent&quot;:&quot;yes&quot;,&quot;sticky_on&quot;:[&quot;desktop&quot;,&quot;tablet&quot;,&quot;mobile&quot;],&quot;sticky_effects_offset&quot;:0,&quot;sticky_anchor_link_offset&quot;:0}\">\n\t\t\t\t<div class=\"elementor-element elementor-element-956b56b animated-slow elementor-invisible elementor-widget elementor-widget-heading\" data-id=\"956b56b\" data-element_type=\"widget\" data-settings=\"{&quot;_animation&quot;:&quot;fadeInUp&quot;}\" data-widget_type=\"heading.default\">\n\t\t\t\t\t<h2 class=\"elementor-heading-title elementor-size-default\">Advantages<\/h2>\t\t\t\t<\/div>\n\t\t\t\t<div class=\"elementor-element elementor-element-d58d8b8 elementor-widget elementor-widget-text-editor\" data-id=\"d58d8b8\" data-element_type=\"widget\" data-widget_type=\"text-editor.default\">\n\t\t\t\t\t\t\t\t\t<p>Thanks to automated switching to a bypass, operation can be virtually maintenance-free and continuous \u2013 which is particularly advantageous in industrial environments with high throughput. In addition, the service life of the systems is extended as deposits in pumps, nozzles and pipes are reduced.<\/p>\t\t\t\t\t\t\t\t<\/div>\n\t\t\t\t<\/div>\n\t\t\t\t<\/div>\n\t\t<div class=\"elementor-element elementor-element-70d9aa6 e-con-full e-flex e-con e-child\" data-id=\"70d9aa6\" data-element_type=\"container\">\n\t\t\t\t<div class=\"elementor-element elementor-element-b0e7442 elementor-widget elementor-widget-image\" data-id=\"b0e7442\" data-element_type=\"widget\" data-widget_type=\"image.default\">\n\t\t\t\t\t\t\t\t\t\t\t\t\t\t\t<img loading=\"lazy\" decoding=\"async\" width=\"2560\" height=\"1707\" src=\"https:\/\/k-s-d.com\/wp-content\/uploads\/2025\/07\/plant-picture-clean-room-equipment-stainless-steel-machines-1-scaled.jpg\" class=\"elementor-animation-grow attachment-full size-full wp-image-595\" alt=\"\" srcset=\"https:\/\/k-s-d.com\/wp-content\/uploads\/2025\/07\/plant-picture-clean-room-equipment-stainless-steel-machines-1-scaled.jpg 2560w, https:\/\/k-s-d.com\/wp-content\/uploads\/2025\/07\/plant-picture-clean-room-equipment-stainless-steel-machines-1-300x200.jpg 300w, https:\/\/k-s-d.com\/wp-content\/uploads\/2025\/07\/plant-picture-clean-room-equipment-stainless-steel-machines-1-1024x683.jpg 1024w, https:\/\/k-s-d.com\/wp-content\/uploads\/2025\/07\/plant-picture-clean-room-equipment-stainless-steel-machines-1-768x512.jpg 768w, https:\/\/k-s-d.com\/wp-content\/uploads\/2025\/07\/plant-picture-clean-room-equipment-stainless-steel-machines-1-1536x1024.jpg 1536w, https:\/\/k-s-d.com\/wp-content\/uploads\/2025\/07\/plant-picture-clean-room-equipment-stainless-steel-machines-1-2048x1365.jpg 2048w\" sizes=\"(max-width: 2560px) 100vw, 2560px\" \/>\t\t\t\t\t\t\t\t\t\t\t\t\t\t\t<\/div>\n\t\t\t\t<\/div>\n\t\t\t\t<\/div>\n\t\t\t\t\t<\/div>\n\t\t\t\t<\/div>\n\t\t<div class=\"elementor-element elementor-element-8039d56 elementor-hidden-desktop elementor-hidden-tablet elementor-hidden-mobile e-flex e-con-boxed e-con e-parent\" data-id=\"8039d56\" data-element_type=\"container\" data-settings=\"{&quot;background_background&quot;:&quot;classic&quot;}\">\n\t\t\t\t\t<div class=\"e-con-inner\">\n\t\t<div class=\"elementor-element elementor-element-293a425 e-con-full e-flex e-con e-child\" data-id=\"293a425\" data-element_type=\"container\">\n\t\t<div class=\"elementor-element elementor-element-5bbabbe e-con-full e-flex e-con e-child\" data-id=\"5bbabbe\" data-element_type=\"container\">\n\t\t\t\t<div class=\"elementor-element elementor-element-6a68183 elementor-widget elementor-widget-image\" data-id=\"6a68183\" data-element_type=\"widget\" data-widget_type=\"image.default\">\n\t\t\t\t\t\t\t\t\t\t\t\t\t\t\t<img loading=\"lazy\" decoding=\"async\" width=\"2560\" height=\"1707\" src=\"https:\/\/k-s-d.com\/wp-content\/uploads\/2025\/07\/plant-picture-clean-room-equipment-stainless-steel-machines-scaled.jpg\" class=\"elementor-animation-grow attachment-full size-full wp-image-596\" alt=\"\" srcset=\"https:\/\/k-s-d.com\/wp-content\/uploads\/2025\/07\/plant-picture-clean-room-equipment-stainless-steel-machines-scaled.jpg 2560w, https:\/\/k-s-d.com\/wp-content\/uploads\/2025\/07\/plant-picture-clean-room-equipment-stainless-steel-machines-300x200.jpg 300w, https:\/\/k-s-d.com\/wp-content\/uploads\/2025\/07\/plant-picture-clean-room-equipment-stainless-steel-machines-1024x683.jpg 1024w, https:\/\/k-s-d.com\/wp-content\/uploads\/2025\/07\/plant-picture-clean-room-equipment-stainless-steel-machines-768x512.jpg 768w, https:\/\/k-s-d.com\/wp-content\/uploads\/2025\/07\/plant-picture-clean-room-equipment-stainless-steel-machines-1536x1024.jpg 1536w, https:\/\/k-s-d.com\/wp-content\/uploads\/2025\/07\/plant-picture-clean-room-equipment-stainless-steel-machines-2048x1365.jpg 2048w\" sizes=\"(max-width: 2560px) 100vw, 2560px\" \/>\t\t\t\t\t\t\t\t\t\t\t\t\t\t\t<\/div>\n\t\t\t\t<\/div>\n\t\t<div class=\"elementor-element elementor-element-8969917 e-con-full e-flex e-con e-child\" data-id=\"8969917\" data-element_type=\"container\">\n\t\t\t\t<div class=\"elementor-element elementor-element-841c00c animated-slow elementor-invisible elementor-widget elementor-widget-heading\" data-id=\"841c00c\" data-element_type=\"widget\" data-settings=\"{&quot;_animation&quot;:&quot;fadeInUp&quot;}\" data-widget_type=\"heading.default\">\n\t\t\t\t\t<h2 class=\"elementor-heading-title elementor-size-default\">Einsatzbereiche<\/h2>\t\t\t\t<\/div>\n\t\t\t\t<div class=\"elementor-element elementor-element-3ee40c6 elementor-widget elementor-widget-text-editor\" data-id=\"3ee40c6\" data-element_type=\"widget\" data-widget_type=\"text-editor.default\">\n\t\t\t\t\t\t\t\t\t<p>Filterstationen finden vielseitige Anwendung in der Industrie. In der Elektronikfertigung sind sie ein unverzichtbarer Bestandteil bei hochpr\u00e4zisen PCB-\u00c4tzprozessen. Auch in der Metalloberfl\u00e4chenbehandlung \u2013 etwa in der Automobil- und Luftfahrtindustrie \u2013 sorgen sie f\u00fcr gleichm\u00e4\u00dfige, saubere Bearbeitungsergebnisse. Dar\u00fcber hinaus werden sie in Regenerationsanlagen eingesetzt, um die Prozessl\u00f6sungen vor der elektrolytischen oder chemischen Wiederaufbereitung effektiv vorzubehandeln.<\/p>\n\t\t\t\t\t\t\t\t<\/div>\n\t\t\t\t<\/div>\n\t\t\t\t<\/div>\n\t\t\t\t\t<\/div>\n\t\t\t\t<\/div>\n\t\t<div class=\"elementor-element elementor-element-050e5a9 e-flex e-con-boxed e-con e-parent\" data-id=\"050e5a9\" data-element_type=\"container\" data-settings=\"{&quot;background_background&quot;:&quot;classic&quot;}\">\n\t\t\t\t\t<div class=\"e-con-inner\">\n\t\t\t\t<div class=\"elementor-element elementor-element-caf60b7 elementor-mobile-align-center elementor-hidden-desktop elementor-hidden-tablet elementor-hidden-mobile elementor-widget elementor-widget-button\" data-id=\"caf60b7\" data-element_type=\"widget\" data-widget_type=\"button.default\">\n\t\t\t\t\t\t\t\t\t\t<a class=\"elementor-button elementor-button-link elementor-size-sm elementor-animation-wobble-horizontal\" href=\"https:\/\/k-s-d.com\/en\/kontakt\/\">\n\t\t\t\t\t\t<span class=\"elementor-button-content-wrapper\">\n\t\t\t\t\t\t<span class=\"elementor-button-icon\">\n\t\t\t\t<i aria-hidden=\"true\" class=\"icon icon-arrow-right\"><\/i>\t\t\t<\/span>\n\t\t\t\t\t\t\t\t\t<span class=\"elementor-button-text\">Learn more<\/span>\n\t\t\t\t\t<\/span>\n\t\t\t\t\t<\/a>\n\t\t\t\t\t\t\t\t<\/div>\n\t\t\t\t\t<\/div>\n\t\t\t\t<\/div>\n\t\t\t\t<\/div>","protected":false},"featured_media":592,"parent":0,"template":"","meta":{"_acf_changed":false},"class_list":["post-591","product","type-product","status-publish","has-post-thumbnail","hentry"],"acf":[],"_links":{"self":[{"href":"https:\/\/k-s-d.com\/en\/wp-json\/wp\/v2\/product\/591","targetHints":{"allow":["GET"]}}],"collection":[{"href":"https:\/\/k-s-d.com\/en\/wp-json\/wp\/v2\/product"}],"about":[{"href":"https:\/\/k-s-d.com\/en\/wp-json\/wp\/v2\/types\/product"}],"version-history":[{"count":46,"href":"https:\/\/k-s-d.com\/en\/wp-json\/wp\/v2\/product\/591\/revisions"}],"predecessor-version":[{"id":1476,"href":"https:\/\/k-s-d.com\/en\/wp-json\/wp\/v2\/product\/591\/revisions\/1476"}],"wp:featuredmedia":[{"embeddable":true,"href":"https:\/\/k-s-d.com\/en\/wp-json\/wp\/v2\/media\/592"}],"wp:attachment":[{"href":"https:\/\/k-s-d.com\/en\/wp-json\/wp\/v2\/media?parent=591"}],"curies":[{"name":"wp","href":"https:\/\/api.w.org\/{rel}","templated":true}]}}