{"id":196,"date":"2025-07-18T10:39:24","date_gmt":"2025-07-18T10:39:24","guid":{"rendered":"https:\/\/k-s-d.com\/?page_id=196"},"modified":"2025-12-12T14:11:58","modified_gmt":"2025-12-12T14:11:58","slug":"leistungen","status":"publish","type":"page","link":"https:\/\/k-s-d.com\/en\/leistungen\/","title":{"rendered":"Services"},"content":{"rendered":"<div data-elementor-type=\"wp-page\" data-elementor-id=\"196\" class=\"elementor elementor-196\" data-elementor-post-type=\"page\">\n\t\t\t\t<div class=\"elementor-element elementor-element-e9ef1b4 e-flex e-con-boxed e-con e-parent\" data-id=\"e9ef1b4\" data-element_type=\"container\" data-settings=\"{&quot;background_background&quot;:&quot;video&quot;,&quot;background_video_link&quot;:&quot;https:\\\/\\\/k-s-d.com\\\/wp-content\\\/uploads\\\/2025\\\/07\\\/3177845-hd_1280_720_24fps.mp4&quot;,&quot;background_play_on_mobile&quot;:&quot;yes&quot;}\">\n\t\t\t\t\t<div class=\"e-con-inner\">\n\t\t<div class=\"elementor-background-video-container\" aria-hidden=\"true\">\n\t\t\t\t\t\t\t<video class=\"elementor-background-video-hosted\" autoplay muted playsinline loop><\/video>\n\t\t\t\t\t<\/div><div class=\"elementor-element elementor-element-66ef86f e-con-full e-flex e-con e-child\" data-id=\"66ef86f\" data-element_type=\"container\">\n\t\t\t\t<div class=\"elementor-element elementor-element-9010b03 elementor-widget elementor-widget-heading\" data-id=\"9010b03\" data-element_type=\"widget\" data-widget_type=\"heading.default\">\n\t\t\t\t\t<h2 class=\"elementor-heading-title elementor-size-default\">Service <\/h2>\t\t\t\t<\/div>\n\t\t\t\t<\/div>\n\t\t\t\t\t<\/div>\n\t\t\t\t<\/div>\n\t\t<div class=\"elementor-element elementor-element-b5078e5 e-flex e-con-boxed e-con e-parent\" data-id=\"b5078e5\" data-element_type=\"container\" data-settings=\"{&quot;background_background&quot;:&quot;classic&quot;}\">\n\t\t\t\t\t<div class=\"e-con-inner\">\n\t\t\t\t<div class=\"elementor-element elementor-element-3796ab7 elementor-invisible elementor-widget elementor-widget-heading\" data-id=\"3796ab7\" data-element_type=\"widget\" data-settings=\"{&quot;_animation&quot;:&quot;fadeInUp&quot;,&quot;_animation_delay&quot;:200}\" data-widget_type=\"heading.default\">\n\t\t\t\t\t<h2 class=\"elementor-heading-title elementor-size-default\">Flexible Industrial Services with a Focus on Sustainability<\/h2>\t\t\t\t<\/div>\n\t\t\t\t<div class=\"elementor-element elementor-element-faded1e elementor-widget elementor-widget-text-editor\" data-id=\"faded1e\" data-element_type=\"widget\" data-widget_type=\"text-editor.default\">\n\t\t\t\t\t\t\t\t\tOur customers benefit from our global and flexible services and operational maintenance support, which we offer centrally from Hattingen. All our services are planned and carried out in accordance with the highest standards of sustainability.\n\t\t\t\t\t\t\t\t<\/div>\n\t\t\t\t\t<\/div>\n\t\t\t\t<\/div>\n\t\t<div class=\"elementor-element elementor-element-83a7119 e-flex e-con-boxed e-con e-parent\" data-id=\"83a7119\" data-element_type=\"container\">\n\t\t\t\t\t<div class=\"e-con-inner\">\n\t\t<div class=\"elementor-element elementor-element-8175e9a e-con-full e-flex e-con e-child\" data-id=\"8175e9a\" data-element_type=\"container\">\n\t\t<div class=\"elementor-element elementor-element-25c86e7 e-con-full e-flex e-con e-child\" data-id=\"25c86e7\" data-element_type=\"container\">\n\t\t\t\t<div class=\"elementor-element elementor-element-3587dc7 elementor-widget elementor-widget-image\" data-id=\"3587dc7\" data-element_type=\"widget\" data-widget_type=\"image.default\">\n\t\t\t\t\t\t\t\t\t\t\t\t\t\t\t<img fetchpriority=\"high\" decoding=\"async\" width=\"1127\" height=\"748\" src=\"https:\/\/k-s-d.com\/wp-content\/uploads\/2025\/07\/Picture008.jpg\" class=\"elementor-animation-grow attachment-full size-full wp-image-1450\" alt=\"\" srcset=\"https:\/\/k-s-d.com\/wp-content\/uploads\/2025\/07\/Picture008.jpg 1127w, https:\/\/k-s-d.com\/wp-content\/uploads\/2025\/07\/Picture008-300x199.jpg 300w, https:\/\/k-s-d.com\/wp-content\/uploads\/2025\/07\/Picture008-1024x680.jpg 1024w, https:\/\/k-s-d.com\/wp-content\/uploads\/2025\/07\/Picture008-768x510.jpg 768w\" sizes=\"(max-width: 1127px) 100vw, 1127px\" \/>\t\t\t\t\t\t\t\t\t\t\t\t\t\t\t<\/div>\n\t\t\t\t<div class=\"elementor-element elementor-element-c59fbee elementor-widget elementor-widget-heading\" data-id=\"c59fbee\" data-element_type=\"widget\" data-widget_type=\"heading.default\">\n\t\t\t\t\t<h2 class=\"elementor-heading-title elementor-size-default\">Maintenance &amp; Repair<\/h2>\t\t\t\t<\/div>\n\t\t\t\t<div class=\"elementor-element elementor-element-dd41d98 elementor-widget elementor-widget-text-editor\" data-id=\"dd41d98\" data-element_type=\"widget\" data-widget_type=\"text-editor.default\">\n\t\t\t\t\t\t\t\t\tReliable maintenance and rapid repair of your equipment to ensure consistent production output.\n\t\t\t\t\t\t\t\t<\/div>\n\t\t\t\t<\/div>\n\t\t<div class=\"elementor-element elementor-element-d135e52 e-con-full e-flex e-con e-child\" data-id=\"d135e52\" data-element_type=\"container\">\n\t\t\t\t<div class=\"elementor-element elementor-element-44d6f02 elementor-widget elementor-widget-image\" data-id=\"44d6f02\" data-element_type=\"widget\" data-widget_type=\"image.default\">\n\t\t\t\t\t\t\t\t\t\t\t\t\t\t\t<img decoding=\"async\" width=\"2560\" height=\"1707\" src=\"https:\/\/k-s-d.com\/wp-content\/uploads\/2025\/12\/IMG_1193-scaled.jpg\" class=\"elementor-animation-grow attachment-full size-full wp-image-1959\" alt=\"\" srcset=\"https:\/\/k-s-d.com\/wp-content\/uploads\/2025\/12\/IMG_1193-scaled.jpg 2560w, https:\/\/k-s-d.com\/wp-content\/uploads\/2025\/12\/IMG_1193-300x200.jpg 300w, https:\/\/k-s-d.com\/wp-content\/uploads\/2025\/12\/IMG_1193-1024x683.jpg 1024w, https:\/\/k-s-d.com\/wp-content\/uploads\/2025\/12\/IMG_1193-768x512.jpg 768w, https:\/\/k-s-d.com\/wp-content\/uploads\/2025\/12\/IMG_1193-1536x1024.jpg 1536w, https:\/\/k-s-d.com\/wp-content\/uploads\/2025\/12\/IMG_1193-2048x1365.jpg 2048w, https:\/\/k-s-d.com\/wp-content\/uploads\/2025\/12\/IMG_1193-18x12.jpg 18w\" sizes=\"(max-width: 2560px) 100vw, 2560px\" \/>\t\t\t\t\t\t\t\t\t\t\t\t\t\t\t<\/div>\n\t\t\t\t<div class=\"elementor-element elementor-element-41f23da elementor-widget elementor-widget-heading\" data-id=\"41f23da\" data-element_type=\"widget\" data-widget_type=\"heading.default\">\n\t\t\t\t\t<h2 class=\"elementor-heading-title elementor-size-default\">Spare Parts Deliveries<\/h2>\t\t\t\t<\/div>\n\t\t\t\t<div class=\"elementor-element elementor-element-8d19291 elementor-widget elementor-widget-text-editor\" data-id=\"8d19291\" data-element_type=\"widget\" data-widget_type=\"text-editor.default\">\n\t\t\t\t\t\t\t\t\tFast and targeted delivery of suitable original spare parts for maximum plant availability.\n\t\t\t\t\t\t\t\t<\/div>\n\t\t\t\t<\/div>\n\t\t<div class=\"elementor-element elementor-element-ccd57a4 e-con-full e-flex e-con e-child\" data-id=\"ccd57a4\" data-element_type=\"container\">\n\t\t\t\t<div class=\"elementor-element elementor-element-640bb21 elementor-widget elementor-widget-image\" data-id=\"640bb21\" data-element_type=\"widget\" data-widget_type=\"image.default\">\n\t\t\t\t\t\t\t\t\t\t\t\t\t\t\t<img decoding=\"async\" width=\"1707\" height=\"2560\" src=\"https:\/\/k-s-d.com\/wp-content\/uploads\/2025\/12\/IMG_1179-scaled.jpg\" class=\"elementor-animation-grow attachment-full size-full wp-image-1956\" alt=\"\" srcset=\"https:\/\/k-s-d.com\/wp-content\/uploads\/2025\/12\/IMG_1179-scaled.jpg 1707w, https:\/\/k-s-d.com\/wp-content\/uploads\/2025\/12\/IMG_1179-200x300.jpg 200w, https:\/\/k-s-d.com\/wp-content\/uploads\/2025\/12\/IMG_1179-683x1024.jpg 683w, https:\/\/k-s-d.com\/wp-content\/uploads\/2025\/12\/IMG_1179-768x1152.jpg 768w, https:\/\/k-s-d.com\/wp-content\/uploads\/2025\/12\/IMG_1179-1024x1536.jpg 1024w, https:\/\/k-s-d.com\/wp-content\/uploads\/2025\/12\/IMG_1179-1365x2048.jpg 1365w, https:\/\/k-s-d.com\/wp-content\/uploads\/2025\/12\/IMG_1179-8x12.jpg 8w\" sizes=\"(max-width: 1707px) 100vw, 1707px\" \/>\t\t\t\t\t\t\t\t\t\t\t\t\t\t\t<\/div>\n\t\t\t\t<div class=\"elementor-element elementor-element-df13d0e elementor-widget elementor-widget-heading\" data-id=\"df13d0e\" data-element_type=\"widget\" data-widget_type=\"heading.default\">\n\t\t\t\t\t<h2 class=\"elementor-heading-title elementor-size-default\">Renewals &amp; Software Updates<\/h2>\t\t\t\t<\/div>\n\t\t\t\t<div class=\"elementor-element elementor-element-75b1fd9 elementor-widget elementor-widget-text-editor\" data-id=\"75b1fd9\" data-element_type=\"widget\" data-widget_type=\"text-editor.default\">\n\t\t\t\t\t\t\t\t\tModernisierung bestehender Systeme durch technische Upgrades und regelm\u00e4\u00dfige Softwareaktualisierungen.\n\t\t\t\t\t\t\t\t<\/div>\n\t\t\t\t<\/div>\n\t\t\t\t<\/div>\n\t\t<div class=\"elementor-element elementor-element-66a588c e-con-full e-flex e-con e-child\" data-id=\"66a588c\" data-element_type=\"container\">\n\t\t<div class=\"elementor-element elementor-element-7ced98d e-con-full elementor-hidden-mobile e-flex e-con e-child\" data-id=\"7ced98d\" data-element_type=\"container\">\n\t\t\t\t<\/div>\n\t\t<div class=\"elementor-element elementor-element-a793764 e-con-full e-flex e-con e-child\" data-id=\"a793764\" data-element_type=\"container\">\n\t\t\t\t<div class=\"elementor-element elementor-element-8573e3b elementor-widget elementor-widget-image\" data-id=\"8573e3b\" data-element_type=\"widget\" data-widget_type=\"image.default\">\n\t\t\t\t\t\t\t\t\t\t\t\t\t\t\t<img loading=\"lazy\" decoding=\"async\" width=\"1536\" height=\"2048\" src=\"https:\/\/k-s-d.com\/wp-content\/uploads\/2025\/12\/DSC00243.jpg\" class=\"elementor-animation-grow attachment-full size-full wp-image-1957\" alt=\"\" srcset=\"https:\/\/k-s-d.com\/wp-content\/uploads\/2025\/12\/DSC00243.jpg 1536w, https:\/\/k-s-d.com\/wp-content\/uploads\/2025\/12\/DSC00243-225x300.jpg 225w, https:\/\/k-s-d.com\/wp-content\/uploads\/2025\/12\/DSC00243-768x1024.jpg 768w, https:\/\/k-s-d.com\/wp-content\/uploads\/2025\/12\/DSC00243-1152x1536.jpg 1152w, https:\/\/k-s-d.com\/wp-content\/uploads\/2025\/12\/DSC00243-9x12.jpg 9w\" sizes=\"(max-width: 1536px) 100vw, 1536px\" \/>\t\t\t\t\t\t\t\t\t\t\t\t\t\t\t<\/div>\n\t\t\t\t<div class=\"elementor-element elementor-element-e23f098 elementor-widget elementor-widget-heading\" data-id=\"e23f098\" data-element_type=\"widget\" data-widget_type=\"heading.default\">\n\t\t\t\t\t<h2 class=\"elementor-heading-title elementor-size-default\">Global Service Both Virtually and On-site <\/h2>\t\t\t\t<\/div>\n\t\t\t\t<div class=\"elementor-element elementor-element-094becd elementor-widget elementor-widget-text-editor\" data-id=\"094becd\" data-element_type=\"widget\" data-widget_type=\"text-editor.default\">\n\t\t\t\t\t\t\t\t\tFlexible support through digital remote maintenance or personal service directly at your premises \u2013 available worldwide.\n\t\t\t\t\t\t\t\t<\/div>\n\t\t\t\t<\/div>\n\t\t<div class=\"elementor-element elementor-element-28cccff e-con-full e-flex e-con e-child\" data-id=\"28cccff\" data-element_type=\"container\">\n\t\t\t\t<div class=\"elementor-element elementor-element-0aeb4f9 elementor-widget elementor-widget-image\" data-id=\"0aeb4f9\" data-element_type=\"widget\" data-widget_type=\"image.default\">\n\t\t\t\t\t\t\t\t\t\t\t\t\t\t\t<img loading=\"lazy\" decoding=\"async\" width=\"2560\" height=\"1707\" src=\"https:\/\/k-s-d.com\/wp-content\/uploads\/2025\/07\/researchers-looking-alternative-energy-souces-scaled.jpg\" class=\"elementor-animation-grow attachment-full size-full wp-image-590\" alt=\"\" srcset=\"https:\/\/k-s-d.com\/wp-content\/uploads\/2025\/07\/researchers-looking-alternative-energy-souces-scaled.jpg 2560w, https:\/\/k-s-d.com\/wp-content\/uploads\/2025\/07\/researchers-looking-alternative-energy-souces-300x200.jpg 300w, https:\/\/k-s-d.com\/wp-content\/uploads\/2025\/07\/researchers-looking-alternative-energy-souces-1024x683.jpg 1024w, https:\/\/k-s-d.com\/wp-content\/uploads\/2025\/07\/researchers-looking-alternative-energy-souces-768x512.jpg 768w, https:\/\/k-s-d.com\/wp-content\/uploads\/2025\/07\/researchers-looking-alternative-energy-souces-1536x1024.jpg 1536w, https:\/\/k-s-d.com\/wp-content\/uploads\/2025\/07\/researchers-looking-alternative-energy-souces-2048x1365.jpg 2048w\" sizes=\"(max-width: 2560px) 100vw, 2560px\" \/>\t\t\t\t\t\t\t\t\t\t\t\t\t\t\t<\/div>\n\t\t\t\t<div class=\"elementor-element elementor-element-cc91b3d elementor-widget elementor-widget-heading\" data-id=\"cc91b3d\" data-element_type=\"widget\" data-widget_type=\"heading.default\">\n\t\t\t\t\t<h2 class=\"elementor-heading-title elementor-size-default\">Sustainability Planning Together with our Customers <\/h2>\t\t\t\t<\/div>\n\t\t\t\t<div class=\"elementor-element elementor-element-ad5b42d elementor-widget elementor-widget-text-editor\" data-id=\"ad5b42d\" data-element_type=\"widget\" data-widget_type=\"text-editor.default\">\n\t\t\t\t\t\t\t\t\tIndividual advice on the sustainable optimisation of your processes \u2013 economical, ecological and future-proof.\n\t\t\t\t\t\t\t\t<\/div>\n\t\t\t\t<\/div>\n\t\t<div class=\"elementor-element elementor-element-91c367e e-con-full elementor-hidden-mobile e-flex e-con e-child\" data-id=\"91c367e\" data-element_type=\"container\">\n\t\t\t\t<\/div>\n\t\t\t\t<\/div>\n\t\t\t\t\t<\/div>\n\t\t\t\t<\/div>\n\t\t\t\t<\/div>","protected":false},"excerpt":{"rendered":"<p>Service Flexibler Industrieservice mit Fokus auf Nachhaltigkeit Unsere Kunden profitieren von unseren weltweiten und flexiblen Serviceleistungen, und Unterst\u00fctzung der Betriebsinstandhaltung, die wir zentral aus Hattingen anbieten. Alle unsere Dienstleistungen werden gem\u00e4\u00df den h\u00f6chsten Regeln der Nachhaltigkeit geplant und durchgef\u00fchrt. Instandhaltung &amp; Reparatur Zuverl\u00e4ssige Wartung und schnelle Reparatur Ihrer Anlagen zur Sicherstellung einer konstanten Produktionsleistung. Ersatzteillieferungen [&hellip;]<\/p>","protected":false},"author":1,"featured_media":0,"parent":0,"menu_order":0,"comment_status":"closed","ping_status":"closed","template":"elementor_header_footer","meta":{"_acf_changed":false,"footnotes":""},"class_list":["post-196","page","type-page","status-publish","hentry"],"acf":[],"_links":{"self":[{"href":"https:\/\/k-s-d.com\/en\/wp-json\/wp\/v2\/pages\/196","targetHints":{"allow":["GET"]}}],"collection":[{"href":"https:\/\/k-s-d.com\/en\/wp-json\/wp\/v2\/pages"}],"about":[{"href":"https:\/\/k-s-d.com\/en\/wp-json\/wp\/v2\/types\/page"}],"author":[{"embeddable":true,"href":"https:\/\/k-s-d.com\/en\/wp-json\/wp\/v2\/users\/1"}],"replies":[{"embeddable":true,"href":"https:\/\/k-s-d.com\/en\/wp-json\/wp\/v2\/comments?post=196"}],"version-history":[{"count":10,"href":"https:\/\/k-s-d.com\/en\/wp-json\/wp\/v2\/pages\/196\/revisions"}],"predecessor-version":[{"id":1962,"href":"https:\/\/k-s-d.com\/en\/wp-json\/wp\/v2\/pages\/196\/revisions\/1962"}],"wp:attachment":[{"href":"https:\/\/k-s-d.com\/en\/wp-json\/wp\/v2\/media?parent=196"}],"curies":[{"name":"wp","href":"https:\/\/api.w.org\/{rel}","templated":true}]}}