{"id":1487,"date":"2025-08-25T08:28:44","date_gmt":"2025-08-25T08:28:44","guid":{"rendered":"https:\/\/k-s-d.com\/?page_id=1487"},"modified":"2025-08-27T15:11:22","modified_gmt":"2025-08-27T15:11:22","slug":"imprint","status":"publish","type":"page","link":"https:\/\/k-s-d.com\/en\/imprint\/","title":{"rendered":"Imprint"},"content":{"rendered":"<div data-elementor-type=\"wp-page\" data-elementor-id=\"1487\" class=\"elementor elementor-1487\" data-elementor-post-type=\"page\">\n\t\t\t\t<div class=\"elementor-element elementor-element-824281b e-flex e-con-boxed e-con e-parent\" data-id=\"824281b\" data-element_type=\"container\" data-settings=\"{&quot;background_background&quot;:&quot;classic&quot;}\">\n\t\t\t\t\t<div class=\"e-con-inner\">\n\t\t<div class=\"elementor-element elementor-element-f101243 e-con-full e-flex e-con e-child\" data-id=\"f101243\" data-element_type=\"container\">\n\t\t\t\t<div class=\"elementor-element elementor-element-ae8083b elementor-widget elementor-widget-heading\" data-id=\"ae8083b\" data-element_type=\"widget\" data-widget_type=\"heading.default\">\n\t\t\t\t\t<h2 class=\"elementor-heading-title elementor-size-default\">Imprint<\/h2>\t\t\t\t<\/div>\n\t\t\t\t<\/div>\n\t\t\t\t\t<\/div>\n\t\t\t\t<\/div>\n\t\t<div class=\"elementor-element elementor-element-3991754 e-flex e-con-boxed e-con e-parent\" data-id=\"3991754\" data-element_type=\"container\">\n\t\t\t\t\t<div class=\"e-con-inner\">\n\t\t\t\t<div class=\"elementor-element elementor-element-0be6851 elementor-widget elementor-widget-text-editor\" data-id=\"0be6851\" data-element_type=\"widget\" data-widget_type=\"text-editor.default\">\n\t\t\t\t\t\t\t\t\t<h3 style=\"text-align: center;\" data-start=\"410\" data-end=\"519\">Imprint<\/h3><p style=\"text-align: center;\" data-start=\"410\" data-end=\"519\"><strong data-start=\"410\" data-end=\"434\">KSD Innovations GmbH<\/strong><br data-start=\"434\" data-end=\"437\" \/>Umwelt- und Verfahrenstechnik<br data-start=\"466\" data-end=\"469\" \/>Werksstra\u00dfe 15<br data-start=\"483\" data-end=\"486\" \/>D-45527 Hattingen<br data-start=\"503\" data-end=\"506\" \/>Deutschland<\/p><p style=\"text-align: center;\" data-start=\"521\" data-end=\"583\"><strong data-start=\"521\" data-end=\"541\">Vertreten durch:<\/strong><br data-start=\"541\" data-end=\"544\" \/>Hans-J\u00fcrgen Schmitz (Gesch\u00e4ftsf\u00fchrer)<\/p><p style=\"text-align: center;\" data-start=\"585\" data-end=\"650\"><strong data-start=\"585\" data-end=\"597\">Kontakt:<\/strong><br data-start=\"597\" data-end=\"600\" \/>Telefon: +49 2324 950224<br data-start=\"624\" data-end=\"627\" \/>E-Mail: <a class=\"decorated-link cursor-pointer\" rel=\"noopener\" data-start=\"635\" data-end=\"648\">info@k-s-d.de<\/a><\/p><p style=\"text-align: center;\" data-start=\"652\" data-end=\"811\"><strong data-start=\"652\" data-end=\"672\">Registereintrag:<\/strong><br data-start=\"672\" data-end=\"675\" \/>Eingetragen im Handelsregister.<br data-start=\"706\" data-end=\"709\" \/>Registergericht: Amtsgericht Essen<br data-start=\"761\" data-end=\"764\" \/>Handelsregisternummer:<\/p><p style=\"text-align: center;\" data-start=\"652\" data-end=\"811\">HRB 15131<\/p><p style=\"text-align: center;\" data-start=\"813\" data-end=\"916\"><strong data-start=\"813\" data-end=\"833\">Umsatzsteuer-ID:<\/strong><br data-start=\"833\" data-end=\"836\" \/>Umsatzsteuer-Identifikationsnummer gem\u00e4\u00df \u00a7 27a Umsatzsteuergesetz: <span data-olk-copy-source=\"MessageBody\">DE 811749223<\/span><\/p><p style=\"text-align: center;\" data-start=\"918\" data-end=\"1035\"><strong data-start=\"918\" data-end=\"974\">Verantwortlich f\u00fcr den Inhalt nach \u00a7 55 Abs. 2 RStV:<\/strong><br data-start=\"974\" data-end=\"977\" \/>Hans-J\u00fcrgen Schmitz<br data-start=\"996\" data-end=\"999\" \/>Werksstra\u00dfe 15<br data-start=\"1013\" data-end=\"1016\" \/>D-45527 Hattingen<\/p><p style=\"text-align: center;\" data-start=\"1037\" data-end=\"1421\"><strong data-start=\"1037\" data-end=\"1060\">Haftungsausschluss:<\/strong><br data-start=\"1060\" data-end=\"1063\" \/>Die Inhalte unserer Seiten wurden mit gr\u00f6\u00dfter Sorgfalt erstellt. F\u00fcr die Richtigkeit, Vollst\u00e4ndigkeit und Aktualit\u00e4t der Inhalte \u00fcbernehmen wir jedoch keine Gew\u00e4hr. Trotz sorgf\u00e4ltiger inhaltlicher Kontrolle \u00fcbernehmen wir keine Haftung f\u00fcr die Inhalte externer Links. F\u00fcr den Inhalt der verlinkten Seiten sind ausschlie\u00dflich deren Betreiber verantwortlich.<\/p>\t\t\t\t\t\t\t\t<\/div>\n\t\t\t\t\t<\/div>\n\t\t\t\t<\/div>\n\t\t\t\t<\/div>","protected":false},"excerpt":{"rendered":"<p>Impressum Impressum KSD Innovations GmbHUmwelt- und VerfahrenstechnikWerksstra\u00dfe 15D-45527 HattingenDeutschland Vertreten durch:Hans-J\u00fcrgen Schmitz (Gesch\u00e4ftsf\u00fchrer) Kontakt:Telefon: +49 2324 950224E-Mail: info@k-s-d.de Registereintrag:Eingetragen im Handelsregister.Registergericht: Amtsgericht EssenHandelsregisternummer: HRB 15131 Umsatzsteuer-ID:Umsatzsteuer-Identifikationsnummer gem\u00e4\u00df \u00a7 27a Umsatzsteuergesetz: DE 811749223 Verantwortlich f\u00fcr den Inhalt nach \u00a7 55 Abs. 2 RStV:Hans-J\u00fcrgen SchmitzWerksstra\u00dfe 15D-45527 Hattingen Haftungsausschluss:Die Inhalte unserer Seiten wurden mit gr\u00f6\u00dfter Sorgfalt erstellt. F\u00fcr [&hellip;]<\/p>","protected":false},"author":1,"featured_media":0,"parent":0,"menu_order":0,"comment_status":"closed","ping_status":"closed","template":"","meta":{"_acf_changed":false,"footnotes":""},"class_list":["post-1487","page","type-page","status-publish","hentry"],"acf":[],"_links":{"self":[{"href":"https:\/\/k-s-d.com\/en\/wp-json\/wp\/v2\/pages\/1487","targetHints":{"allow":["GET"]}}],"collection":[{"href":"https:\/\/k-s-d.com\/en\/wp-json\/wp\/v2\/pages"}],"about":[{"href":"https:\/\/k-s-d.com\/en\/wp-json\/wp\/v2\/types\/page"}],"author":[{"embeddable":true,"href":"https:\/\/k-s-d.com\/en\/wp-json\/wp\/v2\/users\/1"}],"replies":[{"embeddable":true,"href":"https:\/\/k-s-d.com\/en\/wp-json\/wp\/v2\/comments?post=1487"}],"version-history":[{"count":10,"href":"https:\/\/k-s-d.com\/en\/wp-json\/wp\/v2\/pages\/1487\/revisions"}],"predecessor-version":[{"id":1513,"href":"https:\/\/k-s-d.com\/en\/wp-json\/wp\/v2\/pages\/1487\/revisions\/1513"}],"wp:attachment":[{"href":"https:\/\/k-s-d.com\/en\/wp-json\/wp\/v2\/media?parent=1487"}],"curies":[{"name":"wp","href":"https:\/\/api.w.org\/{rel}","templated":true}]}}